{"id":3942,"date":"2025-07-10T10:36:55","date_gmt":"2025-07-10T10:36:55","guid":{"rendered":"https:\/\/thepnguyenphat.kachersoft.io.vn\/?post_type=product&#038;p=3942"},"modified":"2025-07-10T10:36:55","modified_gmt":"2025-07-10T10:36:55","slug":"thep-skd11-d2","status":"publish","type":"product","link":"https:\/\/thepnguyenphat.kachersoft.io.vn\/?product=thep-skd11-d2","title":{"rendered":"Th\u00e9p SKD11 (D2)"},"content":{"rendered":"<h3><strong data-start=\"2014\" data-end=\"2036\">Th\u00e9p SKD11 (D2)<\/strong> \u2013 Th\u00e9p L\u00e0m Khu\u00f4n D\u1eadp Ch\u1ed1ng M\u00e0i M\u00f2n C\u1ef1c T\u1ed1t<\/h3>\n<p data-start=\"2081\" data-end=\"2206\"><strong data-start=\"2081\" data-end=\"2099\">\u0110\u1eb7c \u0111i\u1ec3m chung<\/strong>:<br data-start=\"2100\" data-end=\"2103\" \/>L\u00e0 th\u00e9p c\u00f4ng c\u1ee5 h\u1ee3p kim cao, h\u00e0m l\u01b0\u1ee3ng Cr ~12%, ch\u1ecbu m\u00e0i m\u00f2n r\u1ea5t cao, \u1ed5n \u0111\u1ecbnh k\u00edch th\u01b0\u1edbc khi gia nhi\u1ec7t.<\/p>\n<h3 data-start=\"2208\" data-end=\"2242\">\ud83d\udd2c <strong data-start=\"2215\" data-end=\"2242\">Th\u00e0nh ph\u1ea7n h\u00f3a h\u1ecdc (%):<\/strong><\/h3>\n<div class=\"_tableContainer_80l1q_1\">\n<div class=\"_tableWrapper_80l1q_14 group flex w-fit flex-col-reverse\" tabindex=\"-1\">\n<table class=\"w-fit min-w-(--thread-content-width)\" style=\"border: 1px solid #333; border-collapse: collapse;\" data-start=\"2243\" data-end=\"2434\">\n<thead data-start=\"2243\" data-end=\"2301\">\n<tr data-start=\"2243\" data-end=\"2301\">\n<th style=\"border: 1px solid #333; padding: 8px 12px; background-color: #f9f9f9; text-align: center;\" data-start=\"2243\" data-end=\"2253\" data-col-size=\"sm\">C<\/th>\n<th style=\"border: 1px solid #333; padding: 8px 12px; background-color: #f9f9f9; text-align: center;\" data-start=\"2253\" data-end=\"2263\" data-col-size=\"sm\">Cr<\/th>\n<th style=\"border: 1px solid #333; padding: 8px 12px; background-color: #f9f9f9; text-align: center;\" data-start=\"2263\" data-end=\"2272\" data-col-size=\"sm\">Mo<\/th>\n<th style=\"border: 1px solid #333; padding: 8px 12px; background-color: #f9f9f9; text-align: center;\" data-start=\"2272\" data-end=\"2282\" data-col-size=\"sm\">V<\/th>\n<th style=\"border: 1px solid #333; padding: 8px 12px; background-color: #f9f9f9; text-align: center;\" data-start=\"2282\" data-end=\"2291\" data-col-size=\"sm\">Mn<\/th>\n<th style=\"border: 1px solid #333; padding: 8px 12px; background-color: #f9f9f9; text-align: center;\" data-start=\"2291\" data-end=\"2301\" data-col-size=\"sm\">Si<\/th>\n<\/tr>\n<\/thead>\n<tbody data-start=\"2361\" data-end=\"2434\">\n<tr data-start=\"2361\" data-end=\"2434\">\n<td style=\"border: 1px solid #333; padding: 8px 12px; text-align: center;\" data-start=\"2361\" data-end=\"2373\" data-col-size=\"sm\">1.40\u20131.60<\/td>\n<td style=\"border: 1px solid #333; padding: 8px 12px; text-align: center;\" data-start=\"2373\" data-end=\"2385\" data-col-size=\"sm\">11.0\u201313.0<\/td>\n<td style=\"border: 1px solid #333; padding: 8px 12px; text-align: center;\" data-start=\"2385\" data-end=\"2397\" data-col-size=\"sm\">0.70\u20131.20<\/td>\n<td style=\"border: 1px solid #333; padding: 8px 12px; text-align: center;\" data-start=\"2397\" data-end=\"2409\" data-col-size=\"sm\">0.20\u20130.50<\/td>\n<td style=\"border: 1px solid #333; padding: 8px 12px; text-align: center;\" data-start=\"2409\" data-end=\"2421\" data-col-size=\"sm\">0.20\u20130.60<\/td>\n<td style=\"border: 1px solid #333; padding: 8px 12px; text-align: center;\" data-start=\"2421\" data-end=\"2434\" data-col-size=\"sm\">0.20\u20130.40<\/td>\n<\/tr>\n<\/tbody>\n<\/table>\n<div class=\"sticky end-(--thread-content-margin) h-0 self-end select-none\">\n<div class=\"absolute end-0 flex items-end\"><\/div>\n<\/div>\n<\/div>\n<\/div>\n<h3 data-start=\"2436\" data-end=\"2468\">\ud83d\udcc8 <strong data-start=\"2443\" data-end=\"2468\">C\u01a1 l\u00fd t\u00ednh \u0111i\u1ec3n h\u00ecnh:<\/strong><\/h3>\n<div class=\"_tableContainer_80l1q_1\">\n<div class=\"_tableWrapper_80l1q_14 group flex w-fit flex-col-reverse\" tabindex=\"-1\">\n<table class=\"w-fit min-w-(--thread-content-width)\" style=\"border: 1px solid #333; border-collapse: collapse;\" data-start=\"2469\" data-end=\"2829\">\n<thead data-start=\"2469\" data-end=\"2529\">\n<tr data-start=\"2469\" data-end=\"2529\">\n<th style=\"border: 1px solid #333; padding: 8px 12px; background-color: #f0f0f0; text-align: center;\" data-start=\"2469\" data-end=\"2498\" data-col-size=\"sm\">T\u00ednh ch\u1ea5t<\/th>\n<th style=\"border: 1px solid #333; padding: 8px 12px; background-color: #f0f0f0; text-align: center;\" data-start=\"2498\" data-end=\"2529\" data-col-size=\"sm\">Gi\u00e1 tr\u1ecb (sau t\u00f4i)<\/th>\n<\/tr>\n<\/thead>\n<tbody data-start=\"2590\" data-end=\"2829\">\n<tr data-start=\"2590\" data-end=\"2649\">\n<td style=\"border: 1px solid #333; padding: 8px 12px; text-align: center;\" data-start=\"2590\" data-end=\"2618\" data-col-size=\"sm\">\u0110\u1ed9 b\u1ec1n k\u00e9o<\/td>\n<td style=\"border: 1px solid #333; padding: 8px 12px; text-align: center;\" data-start=\"2618\" data-end=\"2649\" data-col-size=\"sm\">&gt; 1300 MPa<\/td>\n<\/tr>\n<tr data-start=\"2650\" data-end=\"2709\">\n<td style=\"border: 1px solid #333; padding: 8px 12px; text-align: center;\" data-start=\"2650\" data-end=\"2678\" data-col-size=\"sm\">\u0110\u1ed9 c\u1ee9ng sau t\u00f4i<\/td>\n<td style=\"border: 1px solid #333; padding: 8px 12px; text-align: center;\" data-start=\"2678\" data-end=\"2709\" data-col-size=\"sm\">58\u201362 HRC<\/td>\n<\/tr>\n<tr data-start=\"2710\" data-end=\"2769\">\n<td style=\"border: 1px solid #333; padding: 8px 12px; text-align: center;\" data-start=\"2710\" data-end=\"2738\" data-col-size=\"sm\">Kh\u1ea3 n\u0103ng gi\u1eef k\u00edch th\u01b0\u1edbc<\/td>\n<td style=\"border: 1px solid #333; padding: 8px 12px; text-align: center;\" data-start=\"2738\" data-end=\"2769\" data-col-size=\"sm\">R\u1ea5t cao<\/td>\n<\/tr>\n<tr data-start=\"2770\" data-end=\"2829\">\n<td style=\"border: 1px solid #333; padding: 8px 12px; text-align: center;\" data-start=\"2770\" data-end=\"2798\" data-col-size=\"sm\">Ch\u1ed1ng m\u00e0i m\u00f2n<\/td>\n<td style=\"border: 1px solid #333; padding: 8px 12px; text-align: center;\" data-start=\"2798\" data-end=\"2829\" data-col-size=\"sm\">C\u1ef1c t\u1ed1t<\/td>\n<\/tr>\n<\/tbody>\n<\/table>\n<\/div>\n<\/div>\n","protected":false},"excerpt":{"rendered":"<p><strong>\u0110\u01a1n h\u00e0ng t\u1ed1i thi\u1ec3u:\u00a0<\/strong>Li\u00ean h\u1ec7<\/p>\n<p><strong>Kh\u1ea3 n\u0103ng cung c\u1ea5p:\u00a0<\/strong>Li\u00ean h\u1ec7<\/p>\n<p><strong>Giao h\u00e0ng:\u00a0<\/strong>To\u00e0n qu\u1ed1c<\/p>\n<p><strong>Thanh to\u00e1n:\u00a0<\/strong>Linh ho\u1ea1t<\/p>\n<p><strong>T\u00f3m t\u1eaft:<\/strong>Th\u00e9p ch\u1ebf t\u1ea1o l\u00e0 nh\u00f3m v\u1eadt li\u1ec7u kh\u00f4ng th\u1ec3 thi\u1ebfu trong ng\u00e0nh c\u01a1 kh\u00ed, d\u00f9ng \u0111\u1ec3 s\u1ea3n xu\u1ea5t c\u00e1c chi ti\u1ebft m\u00e1y, linh ki\u1ec7n, tr\u1ee5c truy\u1ec1n \u0111\u1ed9ng, b\u00e1nh r\u0103ng, khu\u00f4n m\u1eabu v\u00e0 nhi\u1ec1u \u1ee9ng d\u1ee5ng c\u00f4ng nghi\u1ec7p quan tr\u1ecdng kh\u00e1c. V\u1edbi \u0111\u1eb7c t\u00ednh c\u01a1 l\u00fd v\u01b0\u1ee3t tr\u1ed9i, kh\u1ea3 n\u0103ng ch\u1ecbu l\u1ef1c, ch\u1ecbu m\u00e0i m\u00f2n v\u00e0 d\u1ec5 gia c\u00f4ng, th\u00e9p ch\u1ebf t\u1ea1o \u0111\u01b0\u1ee3c xem l\u00e0 &#8220;tr\u00e1i tim&#8221; c\u1ee7a ng\u00e0nh s\u1ea3n xu\u1ea5t c\u01a1 kh\u00ed hi\u1ec7n \u0111\u1ea1i.<\/p>\n","protected":false},"featured_media":3926,"comment_status":"open","ping_status":"closed","template":"","meta":{"inline_featured_image":false},"product_brand":[],"product_cat":[97],"product_tag":[],"class_list":{"0":"post-3942","1":"product","2":"type-product","3":"status-publish","4":"has-post-thumbnail","6":"product_cat-thep-che-tao","8":"first","9":"instock","10":"shipping-taxable","11":"product-type-simple"},"_links":{"self":[{"href":"https:\/\/thepnguyenphat.kachersoft.io.vn\/index.php?rest_route=\/wp\/v2\/product\/3942","targetHints":{"allow":["GET"]}}],"collection":[{"href":"https:\/\/thepnguyenphat.kachersoft.io.vn\/index.php?rest_route=\/wp\/v2\/product"}],"about":[{"href":"https:\/\/thepnguyenphat.kachersoft.io.vn\/index.php?rest_route=\/wp\/v2\/types\/product"}],"replies":[{"embeddable":true,"href":"https:\/\/thepnguyenphat.kachersoft.io.vn\/index.php?rest_route=%2Fwp%2Fv2%2Fcomments&post=3942"}],"wp:featuredmedia":[{"embeddable":true,"href":"https:\/\/thepnguyenphat.kachersoft.io.vn\/index.php?rest_route=\/wp\/v2\/media\/3926"}],"wp:attachment":[{"href":"https:\/\/thepnguyenphat.kachersoft.io.vn\/index.php?rest_route=%2Fwp%2Fv2%2Fmedia&parent=3942"}],"wp:term":[{"taxonomy":"product_brand","embeddable":true,"href":"https:\/\/thepnguyenphat.kachersoft.io.vn\/index.php?rest_route=%2Fwp%2Fv2%2Fproduct_brand&post=3942"},{"taxonomy":"product_cat","embeddable":true,"href":"https:\/\/thepnguyenphat.kachersoft.io.vn\/index.php?rest_route=%2Fwp%2Fv2%2Fproduct_cat&post=3942"},{"taxonomy":"product_tag","embeddable":true,"href":"https:\/\/thepnguyenphat.kachersoft.io.vn\/index.php?rest_route=%2Fwp%2Fv2%2Fproduct_tag&post=3942"}],"curies":[{"name":"wp","href":"https:\/\/api.w.org\/{rel}","templated":true}]}}