{"id":2250,"date":"2025-05-11T12:46:08","date_gmt":"2025-05-11T12:46:08","guid":{"rendered":"http:\/\/thepnguyenphat.kachersoft.io.vn\/nps\/wordpress\/?post_type=product&#038;p=2250"},"modified":"2025-05-12T15:29:43","modified_gmt":"2025-05-12T15:29:43","slug":"thep-thanh-van","status":"publish","type":"product","link":"https:\/\/thepnguyenphat.kachersoft.io.vn\/?product=thep-thanh-van","title":{"rendered":"Th\u00e9p thanh v\u1eb1n"},"content":{"rendered":"<h3 class=\"\" data-start=\"211\" data-end=\"236\"><strong data-start=\"215\" data-end=\"236\">1. M\u00f4 t\u1ea3 s\u1ea3n ph\u1ea9m<\/strong><\/h3>\n<p class=\"\" data-start=\"238\" data-end=\"491\">Th\u00e9p thanh v\u1eb1n l\u00e0 lo\u1ea1i th\u00e9p x\u00e2y d\u1ef1ng c\u00f3 ti\u1ebft di\u1ec7n h\u00ecnh tr\u00f2n v\u00e0 <strong data-start=\"301\" data-end=\"329\">b\u1ec1 m\u1eb7t c\u00f3 g\u00e2n xo\u1eafn (v\u1eb1n)<\/strong> \u0111\u1ec1u \u0111\u1eb7n d\u1ecdc th\u00e2n th\u00e9p. Nh\u1eefng \u0111\u01b0\u1eddng g\u00e2n n\u00e0y gi\u00fap t\u0103ng kh\u1ea3 n\u0103ng <strong data-start=\"392\" data-end=\"425\">b\u00e1m d\u00ednh gi\u1eefa th\u00e9p v\u00e0 b\u00ea t\u00f4ng<\/strong>, t\u1eeb \u0111\u00f3 n\u00e2ng cao \u0111\u1ed9 b\u1ec1n v\u00e0 \u1ed5n \u0111\u1ecbnh cho to\u00e0n b\u1ed9 k\u1ebft c\u1ea5u c\u00f4ng tr\u00ecnh.<\/p>\n<p class=\"\" data-start=\"493\" data-end=\"637\">Th\u00e9p thanh v\u1eb1n \u0111\u01b0\u1ee3c s\u1ea3n xu\u1ea5t d\u01b0\u1edbi d\u1ea1ng <strong data-start=\"532\" data-end=\"555\">c\u00e2y th\u1eb3ng d\u00e0i 11.7m<\/strong> ho\u1eb7c <strong data-start=\"561\" data-end=\"595\">d\u1ea1ng cu\u1ed9n (v\u1edbi \u0111\u01b0\u1eddng k\u00ednh nh\u1ecf)<\/strong>, t\u00f9y theo ti\u00eau chu\u1ea9n v\u00e0 \u1ee9ng d\u1ee5ng th\u1ef1c t\u1ebf.<\/p>\n<h3 class=\"\" data-start=\"644\" data-end=\"670\"><strong data-start=\"648\" data-end=\"670\">2. \u01afu \u0111i\u1ec3m n\u1ed5i b\u1eadt<\/strong><\/h3>\n<ul data-start=\"672\" data-end=\"899\">\n<li class=\"\" data-start=\"672\" data-end=\"727\">\n<p class=\"\" data-start=\"674\" data-end=\"727\"><strong data-start=\"674\" data-end=\"725\">B\u00e1m d\u00ednh t\u1ed1t v\u1edbi b\u00ea t\u00f4ng \u2013 ch\u1ed1ng tr\u01b0\u1ee3t hi\u1ec7u qu\u1ea3<\/strong><\/p>\n<\/li>\n<li class=\"\" data-start=\"728\" data-end=\"779\">\n<p class=\"\" data-start=\"730\" data-end=\"779\"><strong data-start=\"730\" data-end=\"777\">Ch\u1ecbu l\u1ef1c cao \u2013 ch\u1ecbu k\u00e9o, n\u00e9n, u\u1ed1n v\u01b0\u1ee3t tr\u1ed9i<\/strong><\/p>\n<\/li>\n<li class=\"\" data-start=\"780\" data-end=\"834\">\n<p class=\"\" data-start=\"782\" data-end=\"834\"><strong data-start=\"782\" data-end=\"832\">\u0110\u00e1p \u1ee9ng ti\u00eau chu\u1ea9n k\u1ebft c\u1ea5u c\u00f4ng tr\u00ecnh hi\u1ec7n \u0111\u1ea1i<\/strong><\/p>\n<\/li>\n<li class=\"\" data-start=\"835\" data-end=\"899\">\n<p class=\"\" data-start=\"837\" data-end=\"899\"><strong data-start=\"837\" data-end=\"899\">Ph\u00f9 h\u1ee3p v\u1edbi m\u1ecdi c\u00f4ng tr\u00ecnh: d\u00e2n d\u1ee5ng, c\u00f4ng nghi\u1ec7p, h\u1ea1 t\u1ea7ng<\/strong><\/p>\n<\/li>\n<\/ul>\n<h3 class=\"\" data-start=\"906\" data-end=\"933\"><strong data-start=\"910\" data-end=\"933\">3. \u1ee8ng d\u1ee5ng th\u1ef1c t\u1ebf<\/strong><\/h3>\n<ul data-start=\"935\" data-end=\"1177\">\n<li class=\"\" data-start=\"935\" data-end=\"998\">\n<p class=\"\" data-start=\"937\" data-end=\"998\">L\u00e0m <strong data-start=\"941\" data-end=\"973\">c\u1ed1t th\u00e9p d\u1ea7m, c\u1ed9t, m\u00f3ng, s\u00e0n<\/strong> trong b\u00ea t\u00f4ng c\u1ed1t th\u00e9p<\/p>\n<\/li>\n<li class=\"\" data-start=\"999\" data-end=\"1071\">\n<p class=\"\" data-start=\"1001\" data-end=\"1071\">Thi c\u00f4ng <strong data-start=\"1010\" data-end=\"1069\">nh\u00e0 d\u00e2n, nh\u00e0 cao t\u1ea7ng, c\u00f4ng tr\u00ecnh giao th\u00f4ng, c\u1ea7u \u0111\u01b0\u1eddng<\/strong><\/p>\n<\/li>\n<li class=\"\" data-start=\"1072\" data-end=\"1122\">\n<p class=\"\" data-start=\"1074\" data-end=\"1122\">D\u1ef1 \u00e1n <strong data-start=\"1080\" data-end=\"1120\">nh\u00e0 x\u01b0\u1edfng, kho b\u00e3i, h\u1ea1 t\u1ea7ng k\u1ef9 thu\u1eadt<\/strong><\/p>\n<\/li>\n<li class=\"\" data-start=\"1123\" data-end=\"1177\">\n<p class=\"\" data-start=\"1125\" data-end=\"1177\">C\u00f4ng tr\u00ecnh <strong data-start=\"1136\" data-end=\"1177\">th\u1ee7y l\u1ee3i, c\u00f4ng nghi\u1ec7p n\u1eb7ng, tr\u1ea1m \u0111i\u1ec7n<\/strong><\/p>\n<\/li>\n<\/ul>\n<h3 class=\"\" data-start=\"1184\" data-end=\"1236\"><strong data-start=\"1188\" data-end=\"1236\">4. B\u1ea3ng quy c\u00e1ch ph\u1ed5 bi\u1ebfn c\u1ee7a Th\u00e9p Thanh V\u1eb1n<\/strong><\/h3>\n<div class=\"_tableContainer_16hzy_1\">\n<div class=\"_tableWrapper_16hzy_14 group flex w-fit flex-col-reverse\" tabindex=\"-1\">\n<table class=\"w-fit min-w-(--thread-content-width)\" style=\"border: 2px solid black; border-collapse: collapse;\">\n<thead>\n<tr>\n<th style=\"border: 1px solid black;\">\u0110\u01b0\u1eddng k\u00ednh (mm)<\/th>\n<th style=\"border: 1px solid black;\">Tr\u1ecdng l\u01b0\u1ee3ng (Kg\/c\u00e2y 11.7m)<\/th>\n<th style=\"border: 1px solid black;\">M\u00e1c th\u00e9p<\/th>\n<th style=\"border: 1px solid black;\">Ti\u00eau chu\u1ea9n<\/th>\n<th style=\"border: 1px solid black;\">D\u1ea1ng th\u00e9p<\/th>\n<\/tr>\n<\/thead>\n<tbody>\n<tr>\n<td style=\"border: 1px solid black;\">\u00d810<\/td>\n<td style=\"border: 1px solid black;\">~7.21<\/td>\n<td style=\"border: 1px solid black;\">CB300-V<\/td>\n<td style=\"border: 1px solid black;\">TCVN 1651-2:2018<\/td>\n<td style=\"border: 1px solid black;\">C\u00e2y th\u1eb3ng<\/td>\n<\/tr>\n<tr>\n<td style=\"border: 1px solid black;\">\u00d812<\/td>\n<td style=\"border: 1px solid black;\">~10.4<\/td>\n<td style=\"border: 1px solid black;\">SD295A<\/td>\n<td style=\"border: 1px solid black;\">JIS G3112<\/td>\n<td style=\"border: 1px solid black;\">C\u00e2y th\u1eb3ng<\/td>\n<\/tr>\n<tr>\n<td style=\"border: 1px solid black;\">\u00d814<\/td>\n<td style=\"border: 1px solid black;\">~14.2<\/td>\n<td style=\"border: 1px solid black;\">CB400-V<\/td>\n<td style=\"border: 1px solid black;\">TCVN, ASTM A615<\/td>\n<td style=\"border: 1px solid black;\">C\u00e2y th\u1eb3ng<\/td>\n<\/tr>\n<tr>\n<td style=\"border: 1px solid black;\">\u00d816<\/td>\n<td style=\"border: 1px solid black;\">~18.5<\/td>\n<td style=\"border: 1px solid black;\">SD390<\/td>\n<td style=\"border: 1px solid black;\">JIS, ASTM<\/td>\n<td style=\"border: 1px solid black;\">C\u00e2y th\u1eb3ng<\/td>\n<\/tr>\n<tr>\n<td style=\"border: 1px solid black;\">\u00d818 \u2013 \u00d832<\/td>\n<td style=\"border: 1px solid black;\">~23.4 \u2013 63.2<\/td>\n<td style=\"border: 1px solid black;\">Gr60, B500B<\/td>\n<td style=\"border: 1px solid black;\">BS4449, ASTM A615<\/td>\n<td style=\"border: 1px solid black;\">C\u00e2y ho\u1eb7c b\u00f3<\/td>\n<\/tr>\n<\/tbody>\n<\/table>\n<\/div>\n<\/div>\n<blockquote data-start=\"1985\" data-end=\"2133\">\n<p class=\"\" data-start=\"1987\" data-end=\"2133\">\ud83d\udccc D\u00e0i ti\u00eau chu\u1ea9n: <strong data-start=\"2006\" data-end=\"2015\">11.7m<\/strong>, c\u00f3 th\u1ec3 \u0111\u1eb7t c\u1eaft theo y\u00eau c\u1ea7u.<br data-start=\"2045\" data-end=\"2048\" \/>\ud83d\udccc Nh\u1eadn \u0111\u1eb7t h\u00e0ng theo ti\u00eau chu\u1ea9n k\u1ef9 thu\u1eadt ri\u00eang (k\u00edch th\u01b0\u1edbc, dung sai, kh\u1ed1i l\u01b0\u1ee3ng).<\/p>\n<\/blockquote>\n<h3 class=\"\" data-start=\"2140\" data-end=\"2182\"><strong data-start=\"2144\" data-end=\"2182\">5. Ti\u00eau chu\u1ea9n \u2013 M\u00e1c th\u00e9p \u2013 Xu\u1ea5t x\u1ee9<\/strong><\/h3>\n<ul data-start=\"2184\" data-end=\"2414\">\n<li class=\"\" data-start=\"2184\" data-end=\"2250\">\n<p class=\"\" data-start=\"2186\" data-end=\"2250\"><strong data-start=\"2186\" data-end=\"2201\">Ti\u00eau chu\u1ea9n:<\/strong> TCVN 1651-2:2018, ASTM A615, JIS G3112, BS4449<\/p>\n<\/li>\n<li class=\"\" data-start=\"2251\" data-end=\"2321\">\n<p class=\"\" data-start=\"2253\" data-end=\"2321\"><strong data-start=\"2253\" data-end=\"2266\">M\u00e1c th\u00e9p:<\/strong> CB300-V, CB400-V, CB500-V, SD295A, SD390, Gr40, Gr60<\/p>\n<\/li>\n<li class=\"\" data-start=\"2322\" data-end=\"2414\">\n<p class=\"\" data-start=\"2324\" data-end=\"2414\"><strong data-start=\"2324\" data-end=\"2336\">Xu\u1ea5t x\u1ee9:<\/strong> H\u00f2a Ph\u00e1t, Mi\u1ec1n Nam, Vi\u1ec7t Nh\u1eadt (VJS), Pomina, Tung Ho, H\u00e0n Qu\u1ed1c, Trung Qu\u1ed1c&#8230;<\/p>\n<\/li>\n<\/ul>\n<h3 class=\"\" data-start=\"2421\" data-end=\"2452\"><strong data-start=\"2425\" data-end=\"2452\">6. Cam k\u1ebft t\u1eeb ch\u00fang t\u00f4i<\/strong><\/h3>\n<p class=\"\" data-start=\"2454\" data-end=\"2689\">H\u00e0ng \u0111\u00fang chu\u1ea9n, \u0111\u1ee7 k\u00fd, \u0111\u00fang \u0111\u01b0\u1eddng k\u00ednh<br data-start=\"2495\" data-end=\"2498\" \/>CO\/CQ \u0111\u1ea7y \u0111\u1ee7, ki\u1ec3m \u0111\u1ecbnh r\u00f5 r\u00e0ng<br data-start=\"2531\" data-end=\"2534\" \/>Giao nhanh \u2013 nh\u1eadn c\u1eaft theo y\u00eau c\u1ea7u c\u00f4ng tr\u00ecnh<br data-start=\"2581\" data-end=\"2584\" \/>Gi\u00e1 c\u1ea3 c\u1ea1nh tranh \u2013 chi\u1ebft kh\u1ea5u cho s\u1ed1 l\u01b0\u1ee3ng l\u1edbn<br data-start=\"2633\" data-end=\"2636\" \/>H\u1ed7 tr\u1ee3 k\u1ef9 thu\u1eadt ch\u1ecdn m\u00e1c th\u00e9p ph\u00f9 h\u1ee3p t\u1eebng h\u1ea1ng m\u1ee5c<\/p>\n","protected":false},"excerpt":{"rendered":"<p><strong>\u0110\u01a1n h\u00e0ng t\u1ed1i thi\u1ec3u:\u00a0<\/strong>Li\u00ean h\u1ec7<\/p>\n<p><strong>Kh\u1ea3 n\u0103ng cung c\u1ea5p:\u00a0<\/strong>Li\u00ean h\u1ec7<\/p>\n<p><strong>Giao h\u00e0ng:\u00a0<\/strong>To\u00e0n Qu\u1ed1c<\/p>\n<p><strong>Thanh to\u00e1n:\u00a0<\/strong>Linh ho\u1ea1t<\/p>\n<p><strong>T\u00f3m t\u1eaft:\u00a0<\/strong>Th\u00e9p x\u00e2y d\u1ef1ng c\u00f3 nhi\u1ec1u \u0111\u1eb7c t\u00ednh v\u01b0\u1ee3t tr\u1ed9i nh\u01b0 \u0111\u1ed9 b\u1ec1n, ch\u1ecbu l\u1ef1c t\u1ed1t v\u00e0 \u0111\u1ed9 co d\u00e3n nh\u1ecf khi ch\u1ecbu t\u1ea3i tr\u1ecdng. Nh\u1edd nh\u1eefng t\u00ednh ch\u1ea5t n\u00e0y, n\u00f3 \u0111\u01b0\u1ee3c s\u1eed d\u1ee5ng \u0111\u1ec3 x\u00e2y d\u1ef1ng c\u00e1c c\u00f4ng tr\u00ecnh nh\u01b0 nh\u00e0 cao t\u1ea7ng, c\u1ea7u, nh\u00e0 x\u01b0\u1edfng, nh\u00e0 th\u00e9p ti\u1ec1n ch\u1ebf, v\u00e0 nhi\u1ec1u lo\u1ea1i c\u1ea5u tr\u00fac kh\u00e1c.<\/p>\n","protected":false},"featured_media":2230,"comment_status":"open","ping_status":"closed","template":"","meta":{"inline_featured_image":false},"product_brand":[],"product_cat":[21],"product_tag":[],"class_list":{"0":"post-2250","1":"product","2":"type-product","3":"status-publish","4":"has-post-thumbnail","6":"product_cat-thep-xay-dung","8":"first","9":"instock","10":"shipping-taxable","11":"product-type-simple"},"_links":{"self":[{"href":"https:\/\/thepnguyenphat.kachersoft.io.vn\/index.php?rest_route=\/wp\/v2\/product\/2250","targetHints":{"allow":["GET"]}}],"collection":[{"href":"https:\/\/thepnguyenphat.kachersoft.io.vn\/index.php?rest_route=\/wp\/v2\/product"}],"about":[{"href":"https:\/\/thepnguyenphat.kachersoft.io.vn\/index.php?rest_route=\/wp\/v2\/types\/product"}],"replies":[{"embeddable":true,"href":"https:\/\/thepnguyenphat.kachersoft.io.vn\/index.php?rest_route=%2Fwp%2Fv2%2Fcomments&post=2250"}],"wp:featuredmedia":[{"embeddable":true,"href":"https:\/\/thepnguyenphat.kachersoft.io.vn\/index.php?rest_route=\/wp\/v2\/media\/2230"}],"wp:attachment":[{"href":"https:\/\/thepnguyenphat.kachersoft.io.vn\/index.php?rest_route=%2Fwp%2Fv2%2Fmedia&parent=2250"}],"wp:term":[{"taxonomy":"product_brand","embeddable":true,"href":"https:\/\/thepnguyenphat.kachersoft.io.vn\/index.php?rest_route=%2Fwp%2Fv2%2Fproduct_brand&post=2250"},{"taxonomy":"product_cat","embeddable":true,"href":"https:\/\/thepnguyenphat.kachersoft.io.vn\/index.php?rest_route=%2Fwp%2Fv2%2Fproduct_cat&post=2250"},{"taxonomy":"product_tag","embeddable":true,"href":"https:\/\/thepnguyenphat.kachersoft.io.vn\/index.php?rest_route=%2Fwp%2Fv2%2Fproduct_tag&post=2250"}],"curies":[{"name":"wp","href":"https:\/\/api.w.org\/{rel}","templated":true}]}}