{"id":2243,"date":"2025-05-11T12:37:39","date_gmt":"2025-05-11T12:37:39","guid":{"rendered":"http:\/\/thepnguyenphat.kachersoft.io.vn\/nps\/wordpress\/?post_type=product&#038;p=2243"},"modified":"2025-05-12T15:12:45","modified_gmt":"2025-05-12T15:12:45","slug":"ong-thep-ma-kem","status":"publish","type":"product","link":"https:\/\/thepnguyenphat.kachersoft.io.vn\/?product=ong-thep-ma-kem","title":{"rendered":"\u1ed0ng th\u00e9p m\u1ea1 k\u1ebdm"},"content":{"rendered":"<h3 class=\"\" data-start=\"214\" data-end=\"239\"><strong data-start=\"218\" data-end=\"239\">1. M\u00f4 t\u1ea3 s\u1ea3n ph\u1ea9m<\/strong><\/h3>\n<p class=\"\" data-start=\"241\" data-end=\"553\">\u1ed0ng th\u00e9p m\u1ea1 k\u1ebdm l\u00e0 lo\u1ea1i \u1ed1ng th\u00e9p h\u00e0n (tr\u00f2n, vu\u00f4ng, ch\u1eef nh\u1eadt&#8230;) \u0111\u01b0\u1ee3c <strong data-start=\"310\" data-end=\"389\">ph\u1ee7 m\u1ed9t l\u1edbp k\u1ebdm b\u00ean ngo\u00e0i b\u1eb1ng ph\u01b0\u01a1ng ph\u00e1p nh\u00fang n\u00f3ng ho\u1eb7c m\u1ea1 k\u1ebdm \u0111i\u1ec7n ph\u00e2n<\/strong>, gi\u00fap b\u1ea3o v\u1ec7 \u1ed1ng th\u00e9p kh\u1ecfi qu\u00e1 tr\u00ecnh oxy h\u00f3a, \u0103n m\u00f2n v\u00e0 r\u1ec9 s\u00e9t. S\u1ea3n ph\u1ea9m n\u00e0y c\u00f3 tu\u1ed5i th\u1ecd r\u1ea5t cao khi s\u1eed d\u1ee5ng ngo\u00e0i tr\u1eddi, trong m\u00f4i tr\u01b0\u1eddng \u1ea9m \u01b0\u1edbt ho\u1eb7c h\u00f3a ch\u1ea5t nh\u1eb9.<\/p>\n<p class=\"\" data-start=\"555\" data-end=\"775\">V\u1edbi b\u1ec1 m\u1eb7t s\u00e1ng b\u00f3ng, t\u00ednh th\u1ea9m m\u1ef9 cao v\u00e0 kh\u1ea3 n\u0103ng ch\u1ed1ng g\u1ec9 tuy\u1ec7t v\u1eddi, \u1ed1ng th\u00e9p m\u1ea1 k\u1ebdm \u0111\u01b0\u1ee3c s\u1eed d\u1ee5ng ph\u1ed5 bi\u1ebfn trong x\u00e2y d\u1ef1ng, h\u1ec7 th\u1ed1ng c\u1ea5p tho\u00e1t n\u01b0\u1edbc, ph\u00f2ng ch\u00e1y ch\u1eefa ch\u00e1y (PCCC), k\u1ebft c\u1ea5u nh\u00e0 th\u00e9p, v\u00e0 n\u1ed9i th\u1ea5t ngo\u00e0i tr\u1eddi.<\/p>\n<h3 class=\"\" data-start=\"782\" data-end=\"808\"><strong data-start=\"786\" data-end=\"808\">2. \u01afu \u0111i\u1ec3m n\u1ed5i b\u1eadt<\/strong><\/h3>\n<ul data-start=\"810\" data-end=\"1070\">\n<li class=\"\" data-start=\"810\" data-end=\"854\">\n<p class=\"\" data-start=\"812\" data-end=\"854\">Ch\u1ed1ng \u0103n m\u00f2n, ch\u1ed1ng r\u1ec9 s\u00e9t v\u01b0\u1ee3t tr\u1ed9i<\/p>\n<\/li>\n<li class=\"\" data-start=\"855\" data-end=\"915\">\n<p class=\"\" data-start=\"857\" data-end=\"915\">B\u1ec1n trong m\u00f4i tr\u01b0\u1eddng m\u01b0a, \u1ea9m, ven bi\u1ec3n, h\u00f3a ch\u1ea5t nh\u1eb9<\/p>\n<\/li>\n<li class=\"\" data-start=\"916\" data-end=\"969\">\n<p class=\"\" data-start=\"918\" data-end=\"969\">Kh\u00f4ng c\u1ea7n s\u01a1n ph\u1ee7 \u2013 ti\u1ebft ki\u1ec7m chi ph\u00ed b\u1ea3o tr\u00ec<\/p>\n<\/li>\n<li class=\"\" data-start=\"970\" data-end=\"1029\">\n<p class=\"\" data-start=\"972\" data-end=\"1029\">Tu\u1ed5i th\u1ecd cao \u2013 l\u00ean \u0111\u1ebfn 30 n\u0103m t\u00f9y \u0111i\u1ec1u ki\u1ec7n s\u1eed d\u1ee5ng<\/p>\n<\/li>\n<li class=\"\" data-start=\"1030\" data-end=\"1070\">\n<p class=\"\" data-start=\"1032\" data-end=\"1070\">Th\u1ea9m m\u1ef9 cao \u2013 d\u1ec5 l\u1eafp \u0111\u1eb7t, c\u1eaft, h\u00e0n<\/p>\n<\/li>\n<\/ul>\n<h3 class=\"\" data-start=\"1077\" data-end=\"1104\"><strong data-start=\"1081\" data-end=\"1104\">3. \u1ee8ng d\u1ee5ng th\u1ef1c t\u1ebf<\/strong><\/h3>\n<ul data-start=\"1106\" data-end=\"1368\">\n<li class=\"\" data-start=\"1106\" data-end=\"1150\">\n<p class=\"\" data-start=\"1108\" data-end=\"1150\">H\u1ec7 th\u1ed1ng <strong data-start=\"1117\" data-end=\"1148\">\u1ed1ng d\u1eabn n\u01b0\u1edbc, d\u1eabn kh\u00ed, PCCC<\/strong><\/p>\n<\/li>\n<li class=\"\" data-start=\"1151\" data-end=\"1209\">\n<p class=\"\" data-start=\"1153\" data-end=\"1209\">L\u00e0m <strong data-start=\"1157\" data-end=\"1207\">c\u1ed9t \u0111\u00e8n, lan can, h\u00e0ng r\u00e0o, m\u00e1i hi\u00ean, nh\u00e0 k\u00ednh<\/strong><\/p>\n<\/li>\n<li class=\"\" data-start=\"1210\" data-end=\"1262\">\n<p class=\"\" data-start=\"1212\" data-end=\"1262\">K\u1ebft c\u1ea5u th\u00e9p nh\u1eb9: <strong data-start=\"1230\" data-end=\"1260\">khung nh\u00e0, khung b\u1ea3ng hi\u1ec7u<\/strong><\/p>\n<\/li>\n<li class=\"\" data-start=\"1263\" data-end=\"1311\">\n<p class=\"\" data-start=\"1265\" data-end=\"1311\"><strong data-start=\"1265\" data-end=\"1309\">H\u1ec7 th\u1ed1ng th\u00f4ng gi\u00f3, thang c\u00e1p, m\u00e1ng \u0111i\u1ec7n<\/strong><\/p>\n<\/li>\n<li class=\"\" data-start=\"1312\" data-end=\"1368\">\n<p class=\"\" data-start=\"1314\" data-end=\"1368\">S\u1ea3n xu\u1ea5t <strong data-start=\"1323\" data-end=\"1368\">n\u1ed9i th\u1ea5t ngo\u00e0i tr\u1eddi, thi\u1ebft b\u1ecb c\u00f4ng nghi\u1ec7p<\/strong><\/p>\n<\/li>\n<\/ul>\n<h3 class=\"\" data-start=\"1375\" data-end=\"1428\"><strong data-start=\"1379\" data-end=\"1428\">4. B\u1ea3ng quy c\u00e1ch ph\u1ed5 bi\u1ebfn c\u1ee7a \u1ed0ng Th\u00e9p M\u1ea1 K\u1ebdm<\/strong><\/h3>\n<div class=\"_tableContainer_16hzy_1\">\n<div class=\"_tableWrapper_16hzy_14 group flex w-fit flex-col-reverse\" tabindex=\"-1\">\n<table class=\"w-fit min-w-(--thread-content-width)\" style=\"border: 2px solid black; border-collapse: collapse;\">\n<thead>\n<tr>\n<th style=\"border: 1px solid black;\">K\u00edch th\u01b0\u1edbc (mm)<\/th>\n<th style=\"border: 1px solid black;\">\u0110\u1ed9 d\u00e0y (mm)<\/th>\n<th style=\"border: 1px solid black;\">Chi\u1ec1u d\u00e0i ti\u00eau chu\u1ea9n<\/th>\n<th style=\"border: 1px solid black;\">Tr\u1ecdng l\u01b0\u1ee3ng (Kg\/m)<\/th>\n<th style=\"border: 1px solid black;\">Lo\u1ea1i \u1ed1ng<\/th>\n<\/tr>\n<\/thead>\n<tbody>\n<tr>\n<td style=\"border: 1px solid black;\">\u00d821.2 (1\/2\u201d)<\/td>\n<td style=\"border: 1px solid black;\">1.5 \u2013 2.5<\/td>\n<td style=\"border: 1px solid black;\">6m<\/td>\n<td style=\"border: 1px solid black;\">~1.2 \u2013 2.0<\/td>\n<td style=\"border: 1px solid black;\">Tr\u00f2n<\/td>\n<\/tr>\n<tr>\n<td style=\"border: 1px solid black;\">\u00d842.2 (1\u201d1\/4)<\/td>\n<td style=\"border: 1px solid black;\">1.8 \u2013 3.2<\/td>\n<td style=\"border: 1px solid black;\">6m<\/td>\n<td style=\"border: 1px solid black;\">~2.5 \u2013 5.5<\/td>\n<td style=\"border: 1px solid black;\">Tr\u00f2n<\/td>\n<\/tr>\n<tr>\n<td style=\"border: 1px solid black;\">25 x 50<\/td>\n<td style=\"border: 1px solid black;\">1.2 \u2013 2.5<\/td>\n<td style=\"border: 1px solid black;\">6m<\/td>\n<td style=\"border: 1px solid black;\">~2.1 \u2013 4.5<\/td>\n<td style=\"border: 1px solid black;\">Ch\u1eef nh\u1eadt<\/td>\n<\/tr>\n<tr>\n<td style=\"border: 1px solid black;\">40 x 40<\/td>\n<td style=\"border: 1px solid black;\">1.4 \u2013 3.5<\/td>\n<td style=\"border: 1px solid black;\">6m<\/td>\n<td style=\"border: 1px solid black;\">~2.8 \u2013 6.8<\/td>\n<td style=\"border: 1px solid black;\">Vu\u00f4ng<\/td>\n<\/tr>\n<tr>\n<td style=\"border: 1px solid black;\">60 x 120<\/td>\n<td style=\"border: 1px solid black;\">2.0 \u2013 5.0<\/td>\n<td style=\"border: 1px solid black;\">6m<\/td>\n<td style=\"border: 1px solid black;\">~5.8 \u2013 13.2<\/td>\n<td style=\"border: 1px solid black;\">Ch\u1eef nh\u1eadt l\u1edbn<\/td>\n<\/tr>\n<\/tbody>\n<\/table>\n<\/div>\n<\/div>\n<blockquote data-start=\"2129\" data-end=\"2272\">\n<p class=\"\" data-start=\"2131\" data-end=\"2272\">\ud83d\udccc C\u00f3 th\u1ec3 y\u00eau c\u1ea7u m\u1ea1 theo ti\u00eau chu\u1ea9n Z80 \u2013 Z275 (g\/m\u00b2) ho\u1eb7c ph\u1ee7 d\u1ea7u b\u1ea3o v\u1ec7.<br data-start=\"2206\" data-end=\"2209\" \/>\ud83d\udccc Nh\u1eadn c\u1eaft l\u1ebb, khoan l\u1ed7, h\u00e0n, gia c\u00f4ng theo b\u1ea3n v\u1ebd k\u1ef9 thu\u1eadt.<\/p>\n<\/blockquote>\n<h3 class=\"\" data-start=\"2279\" data-end=\"2321\"><strong data-start=\"2283\" data-end=\"2321\">5. Ti\u00eau chu\u1ea9n \u2013 M\u00e1c th\u00e9p \u2013 Xu\u1ea5t x\u1ee9<\/strong><\/h3>\n<ul data-start=\"2323\" data-end=\"2517\">\n<li class=\"\" data-start=\"2323\" data-end=\"2378\">\n<p class=\"\" data-start=\"2325\" data-end=\"2378\"><strong data-start=\"2325\" data-end=\"2340\">Ti\u00eau chu\u1ea9n:<\/strong> ASTM A53 \/ A123, JIS G3444, BS 1387<\/p>\n<\/li>\n<li class=\"\" data-start=\"2379\" data-end=\"2414\">\n<p class=\"\" data-start=\"2381\" data-end=\"2414\"><strong data-start=\"2381\" data-end=\"2394\">M\u00e1c th\u00e9p:<\/strong> Q235, SS400, S275<\/p>\n<\/li>\n<li class=\"\" data-start=\"2415\" data-end=\"2461\">\n<p class=\"\" data-start=\"2417\" data-end=\"2461\"><strong data-start=\"2417\" data-end=\"2428\">B\u1ec1 m\u1eb7t:<\/strong> M\u1ea1 k\u1ebdm nh\u00fang n\u00f3ng ho\u1eb7c m\u1ea1 \u0111i\u1ec7n<\/p>\n<\/li>\n<li class=\"\" data-start=\"2462\" data-end=\"2517\">\n<p class=\"\" data-start=\"2464\" data-end=\"2517\"><strong data-start=\"2464\" data-end=\"2476\">Xu\u1ea5t x\u1ee9:<\/strong> Vi\u1ec7t Nam, Trung Qu\u1ed1c, H\u00e0n Qu\u1ed1c, Nh\u1eadt B\u1ea3n<\/p>\n<\/li>\n<\/ul>\n<h3 class=\"\" data-start=\"2524\" data-end=\"2555\"><strong data-start=\"2528\" data-end=\"2555\">6. Cam k\u1ebft t\u1eeb ch\u00fang t\u00f4i<\/strong><\/h3>\n<p class=\"\" data-start=\"2557\" data-end=\"2735\">H\u00e0ng m\u1edbi 100% \u2013 m\u1ea1 \u0111\u1ec1u, b\u00e1m d\u00ednh ch\u1eafc ch\u1eafn<br data-start=\"2601\" data-end=\"2604\" \/>CO\/CQ \u0111\u1ea7y \u0111\u1ee7 \u2013 giao h\u00e0ng to\u00e0n qu\u1ed1c<br data-start=\"2640\" data-end=\"2643\" \/>Nh\u1eadn c\u1eaft l\u1ebb \u2013 gia c\u00f4ng theo y\u00eau c\u1ea7u<br data-start=\"2680\" data-end=\"2683\" \/>B\u00e1o gi\u00e1 nhanh \u2013 gi\u00e1 t\u1ed1t \u2013 h\u1ed7 tr\u1ee3 k\u1ef9 thu\u1eadt t\u1eadn t\u00ecnh<\/p>\n","protected":false},"excerpt":{"rendered":"<p><strong>\u0110\u01a1n h\u00e0ng t\u1ed1i thi\u1ec3u:\u00a0<\/strong>Li\u00ean h\u1ec7<\/p>\n<p><strong>Kh\u1ea3 n\u0103ng cung c\u1ea5p:\u00a0<\/strong>Li\u00ean h\u1ec7<\/p>\n<p><strong>Giao h\u00e0ng:\u00a0<\/strong>To\u00e0n Qu\u1ed1c<\/p>\n<p><strong>Thanh to\u00e1n:\u00a0<\/strong>Linh ho\u1ea1t<\/p>\n<p><strong>T\u00f3m t\u1eaft:\u00a0<\/strong>\u1ee8ng d\u1ee5ng trong h\u1ec7 th\u1ed1ng \u1ed1ng d\u1eabn n\u01b0\u1edbc, kh\u00ed, d\u1ea7u, PCCC. L\u00e0m c\u1ed9t \u0111\u00e8n, khung m\u00e1i, gi\u00e0n gi\u00e1o, nh\u00e0 th\u00e9p ti\u1ec1n ch\u1ebf. C\u1ea7u thang, lan can, c\u1eeda s\u1eaft, c\u1ed5ng r\u00e0o. S\u1ea3n xu\u1ea5t \u0111\u1ed3 n\u1ed9i th\u1ea5t, thi\u1ebft b\u1ecb c\u00f4ng nghi\u1ec7p, b\u00e0n gh\u1ebf. \u1ee8ng d\u1ee5ng trong ng\u00e0nh d\u1ea7u kh\u00ed, n\u0103ng l\u01b0\u1ee3ng, \u0111\u00f3ng t\u00e0u<\/p>\n","protected":false},"featured_media":2224,"comment_status":"open","ping_status":"closed","template":"","meta":{"inline_featured_image":false},"product_brand":[],"product_cat":[20],"product_tag":[],"class_list":{"0":"post-2243","1":"product","2":"type-product","3":"status-publish","4":"has-post-thumbnail","6":"product_cat-thep-ong","8":"first","9":"instock","10":"shipping-taxable","11":"product-type-simple"},"_links":{"self":[{"href":"https:\/\/thepnguyenphat.kachersoft.io.vn\/index.php?rest_route=\/wp\/v2\/product\/2243","targetHints":{"allow":["GET"]}}],"collection":[{"href":"https:\/\/thepnguyenphat.kachersoft.io.vn\/index.php?rest_route=\/wp\/v2\/product"}],"about":[{"href":"https:\/\/thepnguyenphat.kachersoft.io.vn\/index.php?rest_route=\/wp\/v2\/types\/product"}],"replies":[{"embeddable":true,"href":"https:\/\/thepnguyenphat.kachersoft.io.vn\/index.php?rest_route=%2Fwp%2Fv2%2Fcomments&post=2243"}],"wp:featuredmedia":[{"embeddable":true,"href":"https:\/\/thepnguyenphat.kachersoft.io.vn\/index.php?rest_route=\/wp\/v2\/media\/2224"}],"wp:attachment":[{"href":"https:\/\/thepnguyenphat.kachersoft.io.vn\/index.php?rest_route=%2Fwp%2Fv2%2Fmedia&parent=2243"}],"wp:term":[{"taxonomy":"product_brand","embeddable":true,"href":"https:\/\/thepnguyenphat.kachersoft.io.vn\/index.php?rest_route=%2Fwp%2Fv2%2Fproduct_brand&post=2243"},{"taxonomy":"product_cat","embeddable":true,"href":"https:\/\/thepnguyenphat.kachersoft.io.vn\/index.php?rest_route=%2Fwp%2Fv2%2Fproduct_cat&post=2243"},{"taxonomy":"product_tag","embeddable":true,"href":"https:\/\/thepnguyenphat.kachersoft.io.vn\/index.php?rest_route=%2Fwp%2Fv2%2Fproduct_tag&post=2243"}],"curies":[{"name":"wp","href":"https:\/\/api.w.org\/{rel}","templated":true}]}}